{"id":4566,"date":"2016-02-22T15:55:25","date_gmt":"2016-02-22T15:55:25","guid":{"rendered":"http:\/\/www.berknes.com\/iletisim\/"},"modified":"2017-10-10T01:03:51","modified_gmt":"2017-10-09T22:03:51","slug":"contact","status":"publish","type":"page","link":"https:\/\/www.berknes.com\/en\/contact\/","title":{"rendered":"Contact"},"content":{"rendered":"<p>[vc_row tlg_background_style=&#8221;bg-secondary&#8221; tlg_padding=&#8221;pb0&#8243;][vc_column width=&#8221;1\/4&#8243;]<div class=\"headings-title\"><div class=\"mb72 mb-xs-40 text-left\"><div  class=\"widgetsubtitle mb8\">The return will be made as soon as possible.<\/div><h5  class=\"widgettitle mb0\">Contact Form<\/h5><\/div><\/div>[\/vc_column][vc_column width=&#8221;3\/4&#8243;]<div role=\"form\" class=\"wpcf7\" id=\"wpcf7-f4569-o1\" lang=\"en-US\" dir=\"ltr\">\n<div class=\"screen-reader-response\"><\/div>\n<form action=\"\/en\/wp-json\/wp\/v2\/pages\/4566#wpcf7-f4569-o1\" method=\"post\" class=\"wpcf7-form\" novalidate=\"novalidate\">\n<div style=\"display: none;\">\n<input type=\"hidden\" name=\"_wpcf7\" value=\"4569\" \/>\n<input type=\"hidden\" name=\"_wpcf7_version\" value=\"5.0.1\" \/>\n<input type=\"hidden\" name=\"_wpcf7_locale\" value=\"en_US\" \/>\n<input type=\"hidden\" name=\"_wpcf7_unit_tag\" value=\"wpcf7-f4569-o1\" \/>\n<input type=\"hidden\" name=\"_wpcf7_container_post\" value=\"0\" \/>\n<\/div>\n<div class=\"overflow-hidden\">\n<div class=\"half-column half-column-left\">\n    <span class=\"wpcf7-form-control-wrap your-name\"><input type=\"text\" name=\"your-name\" value=\"\" size=\"40\" class=\"wpcf7-form-control wpcf7-text wpcf7-validates-as-required\" aria-required=\"true\" aria-invalid=\"false\" placeholder=\"Your Name\" \/><\/span>\n<\/div>\n<div class=\"half-column half-column-right\">\n    <span class=\"wpcf7-form-control-wrap your-email\"><input type=\"email\" name=\"your-email\" value=\"\" size=\"40\" class=\"wpcf7-form-control wpcf7-text wpcf7-email wpcf7-validates-as-required wpcf7-validates-as-email\" aria-required=\"true\" aria-invalid=\"false\" placeholder=\"Email Adress\" \/><\/span>\n<\/div>\n<\/div>\n<p><span class=\"wpcf7-form-control-wrap your-subject\"><input type=\"text\" name=\"your-subject\" value=\"\" size=\"40\" class=\"wpcf7-form-control wpcf7-text wpcf7-validates-as-required\" aria-required=\"true\" aria-invalid=\"false\" placeholder=\"Subject\" \/><\/span><span class=\"wpcf7-form-control-wrap your-message\"><textarea name=\"your-message\" cols=\"40\" rows=\"10\" class=\"wpcf7-form-control wpcf7-textarea\" aria-invalid=\"false\" placeholder=\"Your Message\"><\/textarea><\/span><\/p>\n<p class=\"alignright small-width\"><input type=\"submit\" value=\"Send Message\" class=\"wpcf7-form-control wpcf7-submit\" \/><\/p>\n<div class=\"wpcf7-response-output wpcf7-display-none\"><\/div><\/form><\/div>[\/vc_column][\/vc_row][vc_row][vc_column width=&#8221;1\/4&#8243;]<div class=\"headings-title\"><div class=\"display-table mb16 mb-xs-40 text-left\"><div class=\"display-cell vertical-top\" style=\"width:5%;\"><i  class=\"ti-location-pin mr-15 ms-text\"><\/i><\/div><div class=\"display-cell\"><h5  class=\"widgettitle mb0\">Head Office<\/h5><div  class=\"widgetsubtitle\">Sulhi Garan Street No:25 \/ K\u00fc\u00e7\u00fck Kaymakl\u0131<\/div><\/div><\/div><\/div><div class=\"icon_title_list-content icon-list\"><ul class=\"icon_title_list\"><li><span class=\"inline-block mb8 mr-15\"><i style=\"color:#dbdbdb;\" class=\"ti-world  inline-block\"><\/i><\/span><span>Nicosia \/ TRNC<\/span><\/li><li><span class=\"inline-block mb8 mr-15\"><i style=\"color:#dbdbdb;\" class=\"ti-mobile  inline-block\"><\/i><\/span><span>+90 542 853 28 67<\/span><\/li><li><span class=\"inline-block mb8 mr-15\"><i style=\"color:#dbdbdb;\" class=\"ti-email  inline-block\"><\/i><\/span><span>info@berknes.com<\/span><\/li><\/ul><\/div>[\/vc_column][vc_column width=&#8221;3\/4&#8243;]<div class=\"tlg-custom-embed \"><iframe style=\"height: 500px;\" frameborder=\"0\" scrolling=\"no\" marginheight=\"0\" marginwidth=\"0\" src=\"https:\/\/maps.google.com\/maps?q=Sulhi%20Garan%20Sk.%20Nicosia&amp;t=m&amp;z=14&amp;output=embed&amp;iwloc=near\" aria-label=\"Sulhi Garan Sk. Nicosia\"><\/iframe><\/div>[\/vc_column][\/vc_row][vc_row][vc_column width=&#8221;1\/4&#8243;]<div class=\"headings-title\"><div class=\"display-table mb16 mb-xs-40 text-left\"><div class=\"display-cell vertical-top\" style=\"width:5%;\"><i  class=\"ti-location-pin mr-15 ms-text\"><\/i><\/div><div class=\"display-cell\"><h5  class=\"widgettitle mb0\">Berknes 2<\/h5><div  class=\"widgetsubtitle\">Sulhi Garan Street No:25 \/ K\u00fc\u00e7\u00fck Kaymakl\u0131<\/div><\/div><\/div><\/div><div class=\"icon_title_list-content icon-list\"><ul class=\"icon_title_list\"><li><span class=\"inline-block mb8 mr-15\"><i style=\"color:#dbdbdb;\" class=\"ti-world  inline-block\"><\/i><\/span><span>Nicosia \/ TRNC<\/span><\/li><li><span class=\"inline-block mb8 mr-15\"><i style=\"color:#dbdbdb;\" class=\"ti-mobile  inline-block\"><\/i><\/span><span>+90 542 853 28 67<\/span><\/li><li><span class=\"inline-block mb8 mr-15\"><i style=\"color:#dbdbdb;\" class=\"ti-email  inline-block\"><\/i><\/span><span>info@berknes.com<\/span><\/li><\/ul><\/div>[\/vc_column][vc_column width=&#8221;3\/4&#8243;]<div class=\"tlg-custom-embed \"><iframe style=\"height: 500px;\" frameborder=\"0\" scrolling=\"no\" marginheight=\"0\" marginwidth=\"0\" src=\"https:\/\/maps.google.com\/maps?q=Sulhi%20Garan%20Sk.%20Nicosia&amp;t=m&amp;z=14&amp;output=embed&amp;iwloc=near\" aria-label=\"Sulhi Garan Sk. Nicosia\"><\/iframe><\/div>[\/vc_column][\/vc_row][vc_row][vc_column width=&#8221;1\/4&#8243;]<div class=\"headings-title\"><div class=\"display-table mb16 mb-xs-40 text-left\"><div class=\"display-cell vertical-top\" style=\"width:5%;\"><i  class=\"ti-location-pin mr-15 ms-text\"><\/i><\/div><div class=\"display-cell\"><h5  class=\"widgettitle mb0\">Berknes 3<\/h5><div  class=\"widgetsubtitle\">Sulhi Garan Street No:25 \/ K\u00fc\u00e7\u00fck Kaymakl\u0131<\/div><\/div><\/div><\/div><div class=\"icon_title_list-content icon-list\"><ul class=\"icon_title_list\"><li><span class=\"inline-block mb8 mr-15\"><i style=\"color:#dbdbdb;\" class=\"ti-world  inline-block\"><\/i><\/span><span>Nicosia \/ TRNC<\/span><\/li><li><span class=\"inline-block mb8 mr-15\"><i style=\"color:#dbdbdb;\" class=\"ti-mobile  inline-block\"><\/i><\/span><span>+90 542 853 28 67<\/span><\/li><li><span class=\"inline-block mb8 mr-15\"><i style=\"color:#dbdbdb;\" class=\"ti-email  inline-block\"><\/i><\/span><span>info@berknes.com<\/span><\/li><\/ul><\/div>[\/vc_column][vc_column width=&#8221;3\/4&#8243;]<div class=\"tlg-custom-embed \"><iframe style=\"height: 500px;\" frameborder=\"0\" scrolling=\"no\" marginheight=\"0\" marginwidth=\"0\" src=\"https:\/\/maps.google.com\/maps?q=Sulhi%20Garan%20Sk.%20Nicosia&amp;t=m&amp;z=14&amp;output=embed&amp;iwloc=near\" aria-label=\"Sulhi Garan Sk. Nicosia\"><\/iframe><\/div>[\/vc_column][\/vc_row][vc_row][vc_column width=&#8221;1\/4&#8243;]<div class=\"headings-title\"><div class=\"display-table mb16 mb-xs-40 text-left\"><div class=\"display-cell vertical-top\" style=\"width:5%;\"><i  class=\"ti-location-pin mr-15 ms-text\"><\/i><\/div><div class=\"display-cell\"><h5  class=\"widgettitle mb0\">Berknes 4<\/h5><div  class=\"widgetsubtitle\">Sulhi Garan Street No:25 \/ K\u00fc\u00e7\u00fck Kaymakl\u0131<\/div><\/div><\/div><\/div><div class=\"icon_title_list-content icon-list\"><ul class=\"icon_title_list\"><li><span class=\"inline-block mb8 mr-15\"><i style=\"color:#dbdbdb;\" class=\"ti-world  inline-block\"><\/i><\/span><span>Nicosia \/ TRNC<\/span><\/li><li><span class=\"inline-block mb8 mr-15\"><i style=\"color:#dbdbdb;\" class=\"ti-mobile  inline-block\"><\/i><\/span><span>+90 542 853 28 67<\/span><\/li><li><span class=\"inline-block mb8 mr-15\"><i style=\"color:#dbdbdb;\" class=\"ti-email  inline-block\"><\/i><\/span><span>info@berknes.com<\/span><\/li><\/ul><\/div>[\/vc_column][vc_column width=&#8221;3\/4&#8243;]<div class=\"tlg-custom-embed \"><iframe style=\"height: 500px;\" frameborder=\"0\" scrolling=\"no\" marginheight=\"0\" marginwidth=\"0\" src=\"https:\/\/maps.google.com\/maps?q=Sulhi%20Garan%20Sk.%20Nicosia&amp;t=m&amp;z=14&amp;output=embed&amp;iwloc=near\" aria-label=\"Sulhi Garan Sk. Nicosia\"><\/iframe><\/div>[\/vc_column][\/vc_row]<\/p>\n","protected":false},"excerpt":{"rendered":"<p>[vc_row tlg_background_style=&#8221;bg-secondary&#8221; tlg_padding=&#8221;pb0&#8243;][vc_column width=&#8221;1\/4&#8243;][\/vc_column][vc_column width=&#8221;3\/4&#8243;][\/vc_column][\/vc_row][vc_row][vc_column width=&#8221;1\/4&#8243;][\/vc_column][vc_column width=&#8221;3\/4&#8243;][\/vc_column][\/vc_row][vc_row][vc_column width=&#8221;1\/4&#8243;][\/vc_column][vc_column width=&#8221;3\/4&#8243;][\/vc_column][\/vc_row][vc_row][vc_column width=&#8221;1\/4&#8243;][\/vc_column][vc_column width=&#8221;3\/4&#8243;][\/vc_column][\/vc_row][vc_row][vc_column width=&#8221;1\/4&#8243;][\/vc_column][vc_column width=&#8221;3\/4&#8243;][\/vc_column][\/vc_row]<\/p>\n","protected":false},"author":1,"featured_media":4374,"parent":0,"menu_order":0,"comment_status":"closed","ping_status":"closed","template":"","meta":{"footnotes":""},"class_list":["post-4566","page","type-page","status-publish","has-post-thumbnail","hentry"],"_links":{"self":[{"href":"https:\/\/www.berknes.com\/en\/wp-json\/wp\/v2\/pages\/4566","targetHints":{"allow":["GET"]}}],"collection":[{"href":"https:\/\/www.berknes.com\/en\/wp-json\/wp\/v2\/pages"}],"about":[{"href":"https:\/\/www.berknes.com\/en\/wp-json\/wp\/v2\/types\/page"}],"author":[{"embeddable":true,"href":"https:\/\/www.berknes.com\/en\/wp-json\/wp\/v2\/users\/1"}],"replies":[{"embeddable":true,"href":"https:\/\/www.berknes.com\/en\/wp-json\/wp\/v2\/comments?post=4566"}],"version-history":[{"count":4,"href":"https:\/\/www.berknes.com\/en\/wp-json\/wp\/v2\/pages\/4566\/revisions"}],"predecessor-version":[{"id":4572,"href":"https:\/\/www.berknes.com\/en\/wp-json\/wp\/v2\/pages\/4566\/revisions\/4572"}],"wp:featuredmedia":[{"embeddable":true,"href":"https:\/\/www.berknes.com\/en\/wp-json\/wp\/v2\/media\/4374"}],"wp:attachment":[{"href":"https:\/\/www.berknes.com\/en\/wp-json\/wp\/v2\/media?parent=4566"}],"curies":[{"name":"wp","href":"https:\/\/api.w.org\/{rel}","templated":true}]}}